{"id":404,"date":"2024-09-10T23:33:47","date_gmt":"2024-09-10T23:33:47","guid":{"rendered":"https:\/\/clubdeajedrezhualpen.cl\/?page_id=404"},"modified":"2025-10-03T01:42:37","modified_gmt":"2025-10-03T01:42:37","slug":"clases-ajedrez","status":"publish","type":"page","link":"https:\/\/clubdeajedrezhualpen.cl\/index.php\/el-club\/clases-ajedrez\/","title":{"rendered":"CLASES AJEDREZ"},"content":{"rendered":"<p>El Club de Ajedrez Hualp\u00e9n<\/p>\n<p>desarrolla clases gratuitas peri\u00f3dicamente, los s\u00e1bados de 16;00 a 16:30, de no mediar una actividad mayor. en la casa de la cultura de Hualp\u00e9n,<\/p>\n<p>Las Clases est\u00e1n siendo impartida por el monitor Camilo Arias, y un grupo de monitores del club que lo apoyan.<\/p>\n<p><strong>STAFF\u00a0<\/strong><\/p>\n<ul>\n<li>DANIEL HENRIQUEZ<\/li>\n<li>CAMILO\u00a0ARIAS<\/li>\n<li>JEAN ANDRADES<\/li>\n<li>GUILLERMO AGUILERA<\/li>\n<li>ICSAN ESPINOZA<\/li>\n<li>DANIEL GONZALEZ<\/li>\n<li>HERNAN MANRIQUEZ<\/li>\n<\/ul>\n<p>&nbsp;<\/p>\n<p><strong>contacto<\/strong><\/p>\n<p><strong>+569 5375 8639 &#8211; +569 8722 6488<\/strong><\/p>\n<p>En este momento estamos haciendo clases de nivel b\u00e1sico a los que est\u00e1n aprendiendo el juego., C<\/p>\n<p>NIVEL INTERMEDIO A JOVENCITOS QUE EST\u00c1N PARTICIPANDO DE TORNEOS NACIONALES.<\/p>\n<p>Nuestro club agradece la oportunidad de la alcald\u00eda de Hualp\u00e9n y a Don Miguel Rivera que gracias a ellos, podemos realizar nuestras actividades en <strong>CENTRO CULTURAL HUALPEN<\/strong> como los otros eventos en los cuales estamos inmerso.<\/p>\n<p><strong>EN CASO DE EMERGENCIA Y MODIFICACIONES AVISAR A LOS FOBNOS7WHATSAPP<\/strong><\/p>\n<p><a href=\"https:\/\/www.youtube.com\/shorts\/0kFt40d9lhg\">CLUB DE AJEDREZ HUALPEN &#8211; YouTube<\/a><\/p>\n<p>&nbsp;<\/p>\n","protected":false},"excerpt":{"rendered":"<p>El Club de Ajedrez Hualp\u00e9n desarrolla clases gratuitas peri\u00f3dicamente, los s\u00e1bados de 16;00 a 16:30, de no mediar una actividad mayor. en la casa de la cultura de Hualp\u00e9n, Las Clases est\u00e1n siendo impartida por el monitor Camilo Arias, y un grupo de monitores del club que lo apoyan. STAFF\u00a0 DANIEL HENRIQUEZ CAMILO\u00a0ARIAS JEAN ANDRADES [&hellip;]<\/p>\n","protected":false},"author":1,"featured_media":406,"parent":397,"menu_order":0,"comment_status":"closed","ping_status":"closed","template":"","meta":{"footnotes":""},"class_list":["post-404","page","type-page","status-publish","has-post-thumbnail"],"_links":{"self":[{"href":"https:\/\/clubdeajedrezhualpen.cl\/index.php\/wp-json\/wp\/v2\/pages\/404","targetHints":{"allow":["GET"]}}],"collection":[{"href":"https:\/\/clubdeajedrezhualpen.cl\/index.php\/wp-json\/wp\/v2\/pages"}],"about":[{"href":"https:\/\/clubdeajedrezhualpen.cl\/index.php\/wp-json\/wp\/v2\/types\/page"}],"author":[{"embeddable":true,"href":"https:\/\/clubdeajedrezhualpen.cl\/index.php\/wp-json\/wp\/v2\/users\/1"}],"replies":[{"embeddable":true,"href":"https:\/\/clubdeajedrezhualpen.cl\/index.php\/wp-json\/wp\/v2\/comments?post=404"}],"version-history":[{"count":5,"href":"https:\/\/clubdeajedrezhualpen.cl\/index.php\/wp-json\/wp\/v2\/pages\/404\/revisions"}],"predecessor-version":[{"id":544,"href":"https:\/\/clubdeajedrezhualpen.cl\/index.php\/wp-json\/wp\/v2\/pages\/404\/revisions\/544"}],"up":[{"embeddable":true,"href":"https:\/\/clubdeajedrezhualpen.cl\/index.php\/wp-json\/wp\/v2\/pages\/397"}],"wp:featuredmedia":[{"embeddable":true,"href":"https:\/\/clubdeajedrezhualpen.cl\/index.php\/wp-json\/wp\/v2\/media\/406"}],"wp:attachment":[{"href":"https:\/\/clubdeajedrezhualpen.cl\/index.php\/wp-json\/wp\/v2\/media?parent=404"}],"curies":[{"name":"wp","href":"https:\/\/api.w.org\/{rel}","templated":true}]}}